{"id":922,"date":"2023-11-09T08:17:59","date_gmt":"2023-11-09T07:17:59","guid":{"rendered":"http:\/\/mm.test\/?page_id=922"},"modified":"2026-04-15T05:39:59","modified_gmt":"2026-04-15T03:39:59","slug":"impressum","status":"publish","type":"page","link":"https:\/\/merlotmasala.at\/de\/impressum\/","title":{"rendered":"Impressum"},"content":{"rendered":"<div data-elementor-type=\"wp-page\" data-elementor-id=\"922\" class=\"elementor elementor-922\" data-elementor-settings=\"{&quot;ha_cmc_init_switcher&quot;:&quot;no&quot;}\">\n\t\t\t\t\t\t<section class=\"elementor-section elementor-top-section elementor-element elementor-element-4336858 elementor-section-full_width elementor-section-height-default elementor-section-height-default\" data-id=\"4336858\" data-element_type=\"section\" data-settings=\"{&quot;_ha_eqh_enable&quot;:false}\">\n\t\t\t\t\t\t<div class=\"elementor-container elementor-column-gap-no\">\n\t\t\t\t\t<div class=\"elementor-column elementor-col-33 elementor-top-column elementor-element elementor-element-235fbcb\" data-id=\"235fbcb\" data-element_type=\"column\">\n\t\t\t<div class=\"elementor-widget-wrap\">\n\t\t\t\t\t\t\t<\/div>\n\t\t<\/div>\n\t\t\t\t<div class=\"elementor-column elementor-col-33 elementor-top-column elementor-element elementor-element-f1dfa30\" data-id=\"f1dfa30\" data-element_type=\"column\">\n\t\t\t<div class=\"elementor-widget-wrap elementor-element-populated\">\n\t\t\t\t\t\t<section class=\"elementor-section elementor-inner-section elementor-element elementor-element-379c1025 elementor-section-full_width elementor-section-height-default elementor-section-height-default\" data-id=\"379c1025\" data-element_type=\"section\" data-settings=\"{&quot;_ha_eqh_enable&quot;:false}\">\n\t\t\t\t\t\t<div class=\"elementor-container elementor-column-gap-no\">\n\t\t\t\t\t<div class=\"elementor-column elementor-col-100 elementor-inner-column elementor-element elementor-element-28d86b3d\" data-id=\"28d86b3d\" data-element_type=\"column\">\n\t\t\t<div class=\"elementor-widget-wrap elementor-element-populated\">\n\t\t\t\t\t\t<div class=\"elementor-element elementor-element-42239962 elementor-widget elementor-widget-heading\" data-id=\"42239962\" data-element_type=\"widget\" data-widget_type=\"heading.default\">\n\t\t\t\t\t<h6 class=\"elementor-heading-title elementor-size-default\">Impressum<\/h6>\t\t\t\t<\/div>\n\t\t\t\t\t<\/div>\n\t\t<\/div>\n\t\t\t\t\t<\/div>\n\t\t<\/section>\n\t\t\t\t<div class=\"elementor-element elementor-element-9b37cc2 elementor-widget elementor-widget-text-editor\" data-id=\"9b37cc2\" data-element_type=\"widget\" data-widget_type=\"text-editor.default\">\n\t\t\t\t\t\t\t\t\t<p>F\u00fcr den Inhalt verantwortlicher<br>Eigent\u00fcmer der Website:<br>Mohammad Bilal<\/p>\n<p>Anschrift \/ Kontakt<\/p>\n<p>Merlot Masala OG<br>Schanzstra\u00dfe 48<br>7000 Eisenstadt<\/p>\n<p>Tel.: +43 664 8855 9646<br>E-Mail: info@merlotmasala.at<br>Website: www.merlotmasala.at<\/p>\n<p>Gesch\u00e4ftsf\u00fchrung: Mohammad Bilal, Johannes Nehrer<br>Firmenbuch: 592887v, Gerichtsstand: Eisenstadt<br>UID: ATU79035768<br>Steuernummer: 38 558\/2333<br>Wirtschaftskammer Burgenland: Eisenstadt<\/p>\n<p>Bank Konto:<br>Merlot Masala OG<br>Bank Burgenland<br>IBAN: AT21 5100 0810 1526 8400<br>BIC: EHBBAT2EXXX<\/p>\n<p>Rechtliche Informationen<br>Anbieteridentifizierung \u00a7 5 Abs. 1 ECG,<br>Impressum \u00a7 25 MedienG<br>S\u00e4mtliches Bild-, Text-, Video- und Tonmaterial auf der Website www.merlotmasala.at ist urheberrechtlich gesch\u00fctzt und darf ohne ausdr\u00fcckliche Zustimmung der Berechtigten nicht reproduziert, kopiert, ver\u00e4ndert oder auf andere Weise genutzt werden.<\/p>\n<p>Haftungsausschluss<br>Die Inhalte dieser Seite wurden mit Sorgfalt erstellt. F\u00fcr die Richtigkeit,<br>Vollst\u00e4ndigkeit und Aktualit\u00e4t kann jedoch keine Haftung \u00fcbernommen werden.<\/p>\n<p>Copyright \u00a9 2023 Merlot Masala<\/p>\t\t\t\t\t\t\t\t<\/div>\n\t\t\t\t\t<\/div>\n\t\t<\/div>\n\t\t\t\t<div class=\"elementor-column elementor-col-33 elementor-top-column elementor-element elementor-element-6c6da0b\" data-id=\"6c6da0b\" data-element_type=\"column\">\n\t\t\t<div class=\"elementor-widget-wrap\">\n\t\t\t\t\t\t\t<\/div>\n\t\t<\/div>\n\t\t\t\t\t<\/div>\n\t\t<\/section>\n\t\t\t\t<\/div>","protected":false},"excerpt":{"rendered":"<p>Impressum F\u00fcr den Inhalt verantwortlicherEigent\u00fcmer der Website:Mohammad Bilal Anschrift \/ Kontakt Merlot Masala OGSchanzstra\u00dfe 487000 Eisenstadt Tel.: +43 664 8855 9646E-Mail: info@merlotmasala.atWebsite: www.merlotmasala.at Gesch\u00e4ftsf\u00fchrung: Mohammad Bilal, Johannes NehrerFirmenbuch: 592887v, Gerichtsstand: EisenstadtUID: ATU79035768Steuernummer: 38 558\/2333Wirtschaftskammer Burgenland: Eisenstadt Bank Konto:Merlot Masala OGBank BurgenlandIBAN: AT21 5100 0810 1526 8400BIC: EHBBAT2EXXX Rechtliche InformationenAnbieteridentifizierung \u00a7 5 Abs. 1 ECG,Impressum \u00a7 [&hellip;]<\/p>","protected":false},"author":1,"featured_media":0,"parent":0,"menu_order":0,"comment_status":"closed","ping_status":"closed","template":"","meta":{"site-sidebar-layout":"no-sidebar","site-content-layout":"page-builder","ast-site-content-layout":"full-width-container","site-content-style":"default","site-sidebar-style":"default","ast-global-header-display":"","ast-banner-title-visibility":"","ast-main-header-display":"","ast-hfb-above-header-display":"","ast-hfb-below-header-display":"","ast-hfb-mobile-header-display":"","site-post-title":"disabled","ast-breadcrumbs-content":"","ast-featured-img":"disabled","footer-sml-layout":"","theme-transparent-header-meta":"","adv-header-id-meta":"","stick-header-meta":"","header-above-stick-meta":"","header-main-stick-meta":"","header-below-stick-meta":"","astra-migrate-meta-layouts":"set","ast-page-background-enabled":"default","ast-page-background-meta":{"desktop":{"background-color":"var(--ast-global-color-4)","background-image":"","background-repeat":"repeat","background-position":"center center","background-size":"auto","background-attachment":"scroll","background-type":"","background-media":"","overlay-type":"","overlay-color":"","overlay-opacity":"","overlay-gradient":""},"tablet":{"background-color":"","background-image":"","background-repeat":"repeat","background-position":"center center","background-size":"auto","background-attachment":"scroll","background-type":"","background-media":"","overlay-type":"","overlay-color":"","overlay-opacity":"","overlay-gradient":""},"mobile":{"background-color":"","background-image":"","background-repeat":"repeat","background-position":"center center","background-size":"auto","background-attachment":"scroll","background-type":"","background-media":"","overlay-type":"","overlay-color":"","overlay-opacity":"","overlay-gradient":""}},"ast-content-background-meta":{"desktop":{"background-color":"var(--ast-global-color-5)","background-image":"","background-repeat":"repeat","background-position":"center center","background-size":"auto","background-attachment":"scroll","background-type":"","background-media":"","overlay-type":"","overlay-color":"","overlay-opacity":"","overlay-gradient":""},"tablet":{"background-color":"var(--ast-global-color-5)","background-image":"","background-repeat":"repeat","background-position":"center center","background-size":"auto","background-attachment":"scroll","background-type":"","background-media":"","overlay-type":"","overlay-color":"","overlay-opacity":"","overlay-gradient":""},"mobile":{"background-color":"var(--ast-global-color-5)","background-image":"","background-repeat":"repeat","background-position":"center center","background-size":"auto","background-attachment":"scroll","background-type":"","background-media":"","overlay-type":"","overlay-color":"","overlay-opacity":"","overlay-gradient":""}},"footnotes":""},"class_list":["post-922","page","type-page","status-publish","hentry"],"_links":{"self":[{"href":"https:\/\/merlotmasala.at\/de\/wp-json\/wp\/v2\/pages\/922","targetHints":{"allow":["GET"]}}],"collection":[{"href":"https:\/\/merlotmasala.at\/de\/wp-json\/wp\/v2\/pages"}],"about":[{"href":"https:\/\/merlotmasala.at\/de\/wp-json\/wp\/v2\/types\/page"}],"author":[{"embeddable":true,"href":"https:\/\/merlotmasala.at\/de\/wp-json\/wp\/v2\/users\/1"}],"replies":[{"embeddable":true,"href":"https:\/\/merlotmasala.at\/de\/wp-json\/wp\/v2\/comments?post=922"}],"version-history":[{"count":28,"href":"https:\/\/merlotmasala.at\/de\/wp-json\/wp\/v2\/pages\/922\/revisions"}],"predecessor-version":[{"id":2863,"href":"https:\/\/merlotmasala.at\/de\/wp-json\/wp\/v2\/pages\/922\/revisions\/2863"}],"wp:attachment":[{"href":"https:\/\/merlotmasala.at\/de\/wp-json\/wp\/v2\/media?parent=922"}],"curies":[{"name":"wp","href":"https:\/\/api.w.org\/{rel}","templated":true}]}}